{"id":1199,"date":"2022-06-07T10:24:06","date_gmt":"2022-06-07T08:24:06","guid":{"rendered":"https:\/\/talka-tolosa.com\/lege-oharra\/"},"modified":"2024-07-03T15:21:10","modified_gmt":"2024-07-03T13:21:10","slug":"lege-oharra","status":"publish","type":"page","link":"https:\/\/talka-tolosa.com\/es\/lege-oharra\/","title":{"rendered":"Aviso Legal"},"content":{"rendered":"\t\t<div data-elementor-type=\"wp-page\" data-elementor-id=\"1199\" class=\"elementor elementor-1199 elementor-723\" data-elementor-post-type=\"page\">\n\t\t\t\t\t\t<section class=\"elementor-section elementor-top-section elementor-element elementor-element-5b8a62ce elementor-section-boxed elementor-section-height-default elementor-section-height-default\" data-id=\"5b8a62ce\" data-element_type=\"section\" data-e-type=\"section\">\n\t\t\t\t\t\t<div class=\"elementor-container elementor-column-gap-default\">\n\t\t\t\t\t<div class=\"elementor-column elementor-col-100 elementor-top-column elementor-element elementor-element-51dc05f\" data-id=\"51dc05f\" data-element_type=\"column\" data-e-type=\"column\">\n\t\t\t<div class=\"elementor-widget-wrap elementor-element-populated\">\n\t\t\t\t\t\t<div class=\"elementor-element elementor-element-0c56a4c elementor-widget__width-initial elementor-widget elementor-widget-heading\" data-id=\"0c56a4c\" data-element_type=\"widget\" data-e-type=\"widget\" data-widget_type=\"heading.default\">\n\t\t\t\t<div class=\"elementor-widget-container\">\n\t\t\t\t\t<h2 class=\"elementor-heading-title elementor-size-default\">Aviso Legal<\/h2>\t\t\t\t<\/div>\n\t\t\t\t<\/div>\n\t\t\t\t<div class=\"elementor-element elementor-element-477e9e4f elementor-widget elementor-widget-heading\" data-id=\"477e9e4f\" data-element_type=\"widget\" data-e-type=\"widget\" data-widget_type=\"heading.default\">\n\t\t\t\t<div class=\"elementor-widget-container\">\n\t\t\t\t\t<h2 class=\"elementor-heading-title elementor-size-default\">DATOS IDENTIFICATIVOS<\/h2>\t\t\t\t<\/div>\n\t\t\t\t<\/div>\n\t\t\t\t<div class=\"elementor-element elementor-element-51fa548d elementor-widget elementor-widget-text-editor\" data-id=\"51fa548d\" data-element_type=\"widget\" data-e-type=\"widget\" data-widget_type=\"text-editor.default\">\n\t\t\t\t<div class=\"elementor-widget-container\">\n\t\t\t\t\t\t\t\t\t<p>Est\u00e1 visitando la p\u00e1gina web <a href=\"https:\/\/talka-tolosa.com\/es\/\"><span style=\"color: #000000;\"><b>talka-tolosa.com<\/b><\/span><\/a>, cuyo titular es\u00a0<b>Talka Tolosa<\/b>. Datos del titular son:<\/p><ul><li><b>Titular: <\/b>ZASKA TABERNA S.L.<\/li><li><b><\/b><b> NIF: <\/b>B564459841<\/li><li><b><\/b><b>Domicilio Social: <\/b>OKOBIO 047 00 BELAUNTZA 20491 GIPUZKOA<\/li><li><b><b>Inscrita en el Registro Mercantil:\u00a0<\/b><\/b><\/li><li><b><\/b><b>Tomo: <\/b>3121<\/li><li><b><\/b><b>Folio: <\/b>50<\/li><li><b><\/b><b>Hoja: <\/b>SS-46507<\/li><li><b><\/b><b>Direcci\u00f3n postal: <\/b>LARRAMENDI, 12 TOLOSA<\/li><li><b><\/b><b>Tel\u00e9fono: <\/b>638 119 398<\/li><li><b><\/b><b>Correo electr\u00f3nico: <\/b><a href=\"mailto:talka@talka.eus\">talka@talka.eus<\/a><b><\/b><\/li><\/ul>\t\t\t\t\t\t\t\t<\/div>\n\t\t\t\t<\/div>\n\t\t\t\t<div class=\"elementor-element elementor-element-31c9933e elementor-widget elementor-widget-heading\" data-id=\"31c9933e\" data-element_type=\"widget\" data-e-type=\"widget\" data-widget_type=\"heading.default\">\n\t\t\t\t<div class=\"elementor-widget-container\">\n\t\t\t\t\t<h2 class=\"elementor-heading-title elementor-size-default\">HOSPEDAJE WEB<\/h2>\t\t\t\t<\/div>\n\t\t\t\t<\/div>\n\t\t\t\t<div class=\"elementor-element elementor-element-69a8eda6 elementor-widget elementor-widget-text-editor\" data-id=\"69a8eda6\" data-element_type=\"widget\" data-e-type=\"widget\" data-widget_type=\"text-editor.default\">\n\t\t\t\t<div class=\"elementor-widget-container\">\n\t\t\t\t\t\t\t\t\t<p><b>Hospedajes y Dominios S.L<\/b><b><br \/><\/b>Calle Obispo Osmundo n-7-4-B<br \/>24400 Ponferrada (Le\u00f3n)<\/p>\n\t\t\t\t\t\t\t\t<\/div>\n\t\t\t\t<\/div>\n\t\t\t\t<div class=\"elementor-element elementor-element-15ad5eb7 elementor-widget elementor-widget-heading\" data-id=\"15ad5eb7\" data-element_type=\"widget\" data-e-type=\"widget\" data-widget_type=\"heading.default\">\n\t\t\t\t<div class=\"elementor-widget-container\">\n\t\t\t\t\t<h2 class=\"elementor-heading-title elementor-size-default\">CONDICIONES DE USO<\/h2>\t\t\t\t<\/div>\n\t\t\t\t<\/div>\n\t\t\t\t<div class=\"elementor-element elementor-element-63b86040 elementor-widget elementor-widget-text-editor\" data-id=\"63b86040\" data-element_type=\"widget\" data-e-type=\"widget\" data-widget_type=\"text-editor.default\">\n\t\t\t\t<div class=\"elementor-widget-container\">\n\t\t\t\t\t\t\t\t\t<p>El uso del sitio web\u00a0<a href=\"https:\/\/talka-tolosa.com\/es\/\"><span style=\"color: #000000;\"><b>talka-tolosa.com<\/b><\/span><\/a>\u00a0se rige por las normas establecidas en el presente aviso legal. Con su utilizaci\u00f3n, usted acepta las condiciones de uso establecidas en el aviso legal. El acceso y\/o uso de esta p\u00e1gina web del titular atribuye la condici\u00f3n de usuario, que acepta, desde dicho acceso y\/o uso, las condiciones generales de uso aqu\u00ed reflejadas. Si no estuviera conforme con todas y cada una de estas cl\u00e1usulas y condiciones abst\u00e9ngase de utilizar este sitio web.<\/p><p>A trav\u00e9s de este sitio web, <b>Talka Tolosa<\/b>\u00a0le facilita el acceso y la utilizaci\u00f3n de diversos contenidos que <b>Talka Tolosa<\/b>\u00a0o sus colaboradores han publicado por medio de Internet. A tal efecto, usted est\u00e1 obligado y se compromete a no utilizar cualquiera de los contenidos del sitio web con fines o efectos il\u00edcitos, prohibidos en este aviso legal o por la legislaci\u00f3n vigente, lesivos de los derechos e intereses de terceros, o que de cualquier forma puedan da\u00f1ar, inutilizar, sobrecargar, deteriorar o impedir la normal utilizaci\u00f3n de los contenidos, los equipos inform\u00e1ticos o los documentos, archivos y toda clase de contenidos almacenados en cualquier equipo inform\u00e1tico propios o contratados por el titular, de otros usuarios o de cualquier usuario de Internet.<\/p><p><b>Talka Tolosa<\/b> tiene el derecho de retirar todos aquellos comentarios y aportaciones que vulneren el respeto a la dignidad de la persona, que sean discriminatorios, xen\u00f3fobos, racistas, pornogr\u00e1ficos, que atenten contra la juventud o la infancia, el orden o la seguridad p\u00fablica o que, a su juicio, no sean adecuados para su publicaci\u00f3n. En cualquier caso, <b>Talka Tolosa<\/b>\u00a0no ser\u00e1 responsable de las opiniones vertidas por los usuarios a trav\u00e9s de los foros, chats, u otras herramientas de participaci\u00f3n.<\/p>\t\t\t\t\t\t\t\t<\/div>\n\t\t\t\t<\/div>\n\t\t\t\t<div class=\"elementor-element elementor-element-77c59f0e elementor-widget elementor-widget-heading\" data-id=\"77c59f0e\" data-element_type=\"widget\" data-e-type=\"widget\" data-widget_type=\"heading.default\">\n\t\t\t\t<div class=\"elementor-widget-container\">\n\t\t\t\t\t<h2 class=\"elementor-heading-title elementor-size-default\">EXCLUSI\u00d3N DE GARANT\u00cdAS Y RESPONSABILIDAD<\/h2>\t\t\t\t<\/div>\n\t\t\t\t<\/div>\n\t\t\t\t<div class=\"elementor-element elementor-element-181d807a elementor-widget elementor-widget-text-editor\" data-id=\"181d807a\" data-element_type=\"widget\" data-e-type=\"widget\" data-widget_type=\"text-editor.default\">\n\t\t\t\t<div class=\"elementor-widget-container\">\n\t\t\t\t\t\t\t\t\t<p><b>Talka Tolosa<\/b> es propietario de todos los derechos de propiedad intelectual e industrial de su p\u00e1gina web, as\u00ed como de los elementos contenidos en la misma (a t\u00edtulo enunciativo: im\u00e1genes, fotograf\u00edas, sonido, audio, v\u00eddeo, software o textos; marcas o logotipos, combinaciones de colores, estructura y dise\u00f1o, selecci\u00f3n de materiales usados, programas de ordenador necesarios para su funcionamiento, acceso, y uso, etc.), titularidad de <b>Talka Tolosa<\/b>\u00a0o de sus licenciantes.<\/p><p>De acuerdo con lo establecido en los art\u00edculos 8 y 32.1, p\u00e1rrafo segundo, de la Ley de Propiedad Intelectual, quedan expresamente prohibidas la reproducci\u00f3n, la distribuci\u00f3n y la comunicaci\u00f3n p\u00fablica, incluida su modalidad de puesta a disposici\u00f3n, de la totalidad o parte de los contenidos de esta p\u00e1gina web, con fines comerciales, en cualquier soporte y por cualquier medio t\u00e9cnico, sin la autorizaci\u00f3n del titular.<\/p><p>El usuario se compromete a respetar los derechos de Propiedad Intelectual e Industrial titularidad de <b>Talka Tolosa<\/b><b>.<\/b>\u00a0Podr\u00e1 visualizar los elementos del portal e incluso imprimirlos, copiarlos y almacenarlos en el disco duro de su ordenador o en cualquier otro soporte f\u00edsico siempre y cuando sea, \u00fanica y exclusivamente, para su uso personal y privado. El usuario no podr\u00e1 suprimir, alterar, eludir o manipular cualquier dispositivo de protecci\u00f3n o sistema de seguridad que estuviera instalado en las p\u00e1ginas de <b>Talka Tolosa<\/b><b>.<\/b><\/p>\t\t\t\t\t\t\t\t<\/div>\n\t\t\t\t<\/div>\n\t\t\t\t<div class=\"elementor-element elementor-element-3644b599 elementor-widget elementor-widget-heading\" data-id=\"3644b599\" data-element_type=\"widget\" data-e-type=\"widget\" data-widget_type=\"heading.default\">\n\t\t\t\t<div class=\"elementor-widget-container\">\n\t\t\t\t\t<h2 class=\"elementor-heading-title elementor-size-default\">CONDICIONES DE USO<\/h2>\t\t\t\t<\/div>\n\t\t\t\t<\/div>\n\t\t\t\t<div class=\"elementor-element elementor-element-50ecd3f3 elementor-widget elementor-widget-text-editor\" data-id=\"50ecd3f3\" data-element_type=\"widget\" data-e-type=\"widget\" data-widget_type=\"text-editor.default\">\n\t\t\t\t<div class=\"elementor-widget-container\">\n\t\t\t\t\t\t\t\t\t<p><b>Talka Tolosa<\/b> queda excluida de cualquier responsabilidad respecto a la informaci\u00f3n que se halle fuera de esta web y que no sea gestionada directamente por nuestro\/a webmaster. La funci\u00f3n de los enlaces que aparecen en esta p\u00e1gina es exclusivamente la de informar al usuario sobre la existencia de otras fuentes de informaci\u00f3n sobre la materia en Internet, donde podr\u00e1 ampliar los datos ofrecidos en esta web. Dichos enlaces no suponen ninguna sugerencia, invitaci\u00f3n ni recomendaci\u00f3n para la visita de los lugares de destino, y por ello, <b>Talka Tolosa<\/b>\u00a0no ser\u00e1 responsable del resultado obtenido de la utilizaci\u00f3n de dichos enlaces hipertextuales. En ninguna circunstancia <b>Talka Tolosa<\/b>\u00a0ser\u00e1 responsable ante terceros por cualquier da\u00f1o directo o indirecto, econ\u00f3mico, p\u00e9rdida de clientela o p\u00e9rdida de ganancia, resultado del uso de\u00a0<\/p><p>En caso de que existan foros, en el uso de estos u otros espacios an\u00e1logos, ha de tenerse en cuenta que, los mensajes reflejan \u00fanicamente la opini\u00f3n del usuario que los remite, que es el \u00fanico responsable. <b>Talka Tolosa<\/b>\u00a0no se hace responsable del contenido de los mensajes enviados por el usuario.<\/p>\t\t\t\t\t\t\t\t<\/div>\n\t\t\t\t<\/div>\n\t\t\t\t<div class=\"elementor-element elementor-element-4253ec70 elementor-widget elementor-widget-heading\" data-id=\"4253ec70\" data-element_type=\"widget\" data-e-type=\"widget\" data-widget_type=\"heading.default\">\n\t\t\t\t<div class=\"elementor-widget-container\">\n\t\t\t\t\t<h2 class=\"elementor-heading-title elementor-size-default\">MODIFICACI\u00d3N DE ESTE AVISO LEGAL Y DURACI\u00d3N<\/h2>\t\t\t\t<\/div>\n\t\t\t\t<\/div>\n\t\t\t\t<div class=\"elementor-element elementor-element-2ac660de elementor-widget elementor-widget-text-editor\" data-id=\"2ac660de\" data-element_type=\"widget\" data-e-type=\"widget\" data-widget_type=\"text-editor.default\">\n\t\t\t\t<div class=\"elementor-widget-container\">\n\t\t\t\t\t\t\t\t\t<p><b>Talka Tolosa <\/b>se reserva el derecho de realizar sin previo aviso las modificaciones que considere oportunas en su portal, aludiendo cambiar, suprimir o a\u00f1adir tanto los contenidos y servicios que se presten a trav\u00e9s de esta como la forma en la que \u00e9stos aparezcan presentados o localizados en su portal.<\/p><p>La vigencia de las citadas condiciones ir\u00e1 en funci\u00f3n de su exposici\u00f3n y estar\u00e1n vigentes hasta que sean modificadas por otras debidamente publicadas.<\/p>\t\t\t\t\t\t\t\t<\/div>\n\t\t\t\t<\/div>\n\t\t\t\t<div class=\"elementor-element elementor-element-21add72f elementor-widget elementor-widget-heading\" data-id=\"21add72f\" data-element_type=\"widget\" data-e-type=\"widget\" data-widget_type=\"heading.default\">\n\t\t\t\t<div class=\"elementor-widget-container\">\n\t\t\t\t\t<h2 class=\"elementor-heading-title elementor-size-default\">ENLACES<\/h2>\t\t\t\t<\/div>\n\t\t\t\t<\/div>\n\t\t\t\t<div class=\"elementor-element elementor-element-1092f9be elementor-widget elementor-widget-text-editor\" data-id=\"1092f9be\" data-element_type=\"widget\" data-e-type=\"widget\" data-widget_type=\"text-editor.default\">\n\t\t\t\t<div class=\"elementor-widget-container\">\n\t\t\t\t\t\t\t\t\t<p>En el caso de que en <a href=\"https:\/\/talka-tolosa.com\/es\/\"><span style=\"color: #000000;\"><b>talka-tolosa.com<\/b><\/span><\/a> se incluyesen enlaces o hiperv\u00ednculos a otros sitios de Internet, el titular no ejercer\u00e1 ning\u00fan tipo de control sobre dichos sitios y contenidos. En ning\u00fan caso el titular asumir\u00e1 responsabilidad alguna por los contenidos de alg\u00fan enlace perteneciente a un sitio web ajeno, ni garantizar\u00e1 la disponibilidad t\u00e9cnica, calidad, fiabilidad, exactitud, amplitud, veracidad, validez y constitucionalidad de cualquier material o informaci\u00f3n contenido en ning\u00fan de dichos hiperv\u00ednculos u otros sitios de Internet. Igualmente, la inclusi\u00f3n de estas conexiones externas no implicar\u00e1 ning\u00fan tipo de asociaci\u00f3n, fusi\u00f3n o participaci\u00f3n con las entidades conectadas.<\/p>\t\t\t\t\t\t\t\t<\/div>\n\t\t\t\t<\/div>\n\t\t\t\t<div class=\"elementor-element elementor-element-49fea434 elementor-widget elementor-widget-heading\" data-id=\"49fea434\" data-element_type=\"widget\" data-e-type=\"widget\" data-widget_type=\"heading.default\">\n\t\t\t\t<div class=\"elementor-widget-container\">\n\t\t\t\t\t<h2 class=\"elementor-heading-title elementor-size-default\">DERECHO DE EXCLUSI\u00d3N<\/h2>\t\t\t\t<\/div>\n\t\t\t\t<\/div>\n\t\t\t\t<div class=\"elementor-element elementor-element-2e540a91 elementor-widget elementor-widget-text-editor\" data-id=\"2e540a91\" data-element_type=\"widget\" data-e-type=\"widget\" data-widget_type=\"text-editor.default\">\n\t\t\t\t<div class=\"elementor-widget-container\">\n\t\t\t\t\t\t\t\t\t<p><b>Talka Tolosa<\/b>, se reserva el derecho a denegar o retirar el acceso al portal y\/o los servicios ofrecidos sin necesidad de advertencia previa, a instancia propia o de un tercero, a aquellos usuarios que incumplan el consentido de este aviso legal.<\/p>\t\t\t\t\t\t\t\t<\/div>\n\t\t\t\t<\/div>\n\t\t\t\t<div class=\"elementor-element elementor-element-37a5706a elementor-widget elementor-widget-heading\" data-id=\"37a5706a\" data-element_type=\"widget\" data-e-type=\"widget\" data-widget_type=\"heading.default\">\n\t\t\t\t<div class=\"elementor-widget-container\">\n\t\t\t\t\t<h2 class=\"elementor-heading-title elementor-size-default\">GENERALIDADES<\/h2>\t\t\t\t<\/div>\n\t\t\t\t<\/div>\n\t\t\t\t<div class=\"elementor-element elementor-element-1d69b94f elementor-widget elementor-widget-text-editor\" data-id=\"1d69b94f\" data-element_type=\"widget\" data-e-type=\"widget\" data-widget_type=\"text-editor.default\">\n\t\t\t\t<div class=\"elementor-widget-container\">\n\t\t\t\t\t\t\t\t\t<p><b>Talka Tolosa<\/b> perseguir\u00e1 el incumplimiento de estas condiciones, as\u00ed como cualquier utilizaci\u00f3n indebida de su portal ejerciendo todas las acciones civiles y penales que le puedan corresponder en derecho.<\/p>\t\t\t\t\t\t\t\t<\/div>\n\t\t\t\t<\/div>\n\t\t\t\t<div class=\"elementor-element elementor-element-6c6f2df3 elementor-widget elementor-widget-heading\" data-id=\"6c6f2df3\" data-element_type=\"widget\" data-e-type=\"widget\" data-widget_type=\"heading.default\">\n\t\t\t\t<div class=\"elementor-widget-container\">\n\t\t\t\t\t<h2 class=\"elementor-heading-title elementor-size-default\">LEGISLACI\u00d3N APLICABLE Y JURISDICCI\u00d3N<\/h2>\t\t\t\t<\/div>\n\t\t\t\t<\/div>\n\t\t\t\t<div class=\"elementor-element elementor-element-36199914 elementor-widget elementor-widget-text-editor\" data-id=\"36199914\" data-element_type=\"widget\" data-e-type=\"widget\" data-widget_type=\"text-editor.default\">\n\t\t\t\t<div class=\"elementor-widget-container\">\n\t\t\t\t\t\t\t\t\t<p>La relaci\u00f3n entre <b>Talka Tolosa<\/b>\u00a0y el usuario se regir\u00e1 por la normativa espa\u00f1ola vigente. Todas las disputas y reclamaciones derivadas de este aviso legal se resolver\u00e1n por juzgados y tribunales competentes.<\/p>\t\t\t\t\t\t\t\t<\/div>\n\t\t\t\t<\/div>\n\t\t\t\t\t<\/div>\n\t\t<\/div>\n\t\t\t\t\t<\/div>\n\t\t<\/section>\n\t\t\t\t<\/div>\n\t\t","protected":false},"excerpt":{"rendered":"<p>Aviso Legal DATOS IDENTIFICATIVOS Est\u00e1 visitando la p\u00e1gina web talka-tolosa.com, cuyo titular es\u00a0Talka Tolosa. Datos del titular son: Titular: ZASKA TABERNA S.L. NIF: B564459841 Domicilio Social: OKOBIO 047 00 BELAUNTZA 20491 GIPUZKOA Inscrita en el Registro Mercantil:\u00a0 Tomo: 3121 Folio: 50 Hoja: SS-46507 Direcci\u00f3n postal: LARRAMENDI, 12 TOLOSA Tel\u00e9fono: 638 119 398 Correo electr\u00f3nico: talka@talka.eus [&hellip;]<\/p>\n","protected":false},"author":1,"featured_media":0,"parent":0,"menu_order":0,"comment_status":"closed","ping_status":"closed","template":"","meta":{"footnotes":""},"class_list":["post-1199","page","type-page","status-publish","hentry"],"aioseo_notices":[],"_links":{"self":[{"href":"https:\/\/talka-tolosa.com\/es\/wp-json\/wp\/v2\/pages\/1199","targetHints":{"allow":["GET"]}}],"collection":[{"href":"https:\/\/talka-tolosa.com\/es\/wp-json\/wp\/v2\/pages"}],"about":[{"href":"https:\/\/talka-tolosa.com\/es\/wp-json\/wp\/v2\/types\/page"}],"author":[{"embeddable":true,"href":"https:\/\/talka-tolosa.com\/es\/wp-json\/wp\/v2\/users\/1"}],"replies":[{"embeddable":true,"href":"https:\/\/talka-tolosa.com\/es\/wp-json\/wp\/v2\/comments?post=1199"}],"version-history":[{"count":20,"href":"https:\/\/talka-tolosa.com\/es\/wp-json\/wp\/v2\/pages\/1199\/revisions"}],"predecessor-version":[{"id":1402,"href":"https:\/\/talka-tolosa.com\/es\/wp-json\/wp\/v2\/pages\/1199\/revisions\/1402"}],"wp:attachment":[{"href":"https:\/\/talka-tolosa.com\/es\/wp-json\/wp\/v2\/media?parent=1199"}],"curies":[{"name":"wp","href":"https:\/\/api.w.org\/{rel}","templated":true}]}}